{"id":39,"date":"2021-11-25T13:02:07","date_gmt":"2021-11-25T12:02:07","guid":{"rendered":"https:\/\/energyear.com\/?page_id=39"},"modified":"2022-06-01T18:28:44","modified_gmt":"2022-06-01T16:28:44","slug":"condiciones-de-venta","status":"publish","type":"page","link":"https:\/\/energyearwordpress.pixelinnova.com\/en\/condiciones-de-venta\/","title":{"rendered":"Terms and Conditions of Sale"},"content":{"rendered":"\t\t<div data-elementor-type=\"wp-page\" data-elementor-id=\"39\" class=\"elementor elementor-39\" data-elementor-post-type=\"page\">\n\t\t\t\t\t\t<section class=\"elementor-section elementor-top-section elementor-element elementor-element-6402945 elementor-section-boxed elementor-section-height-default elementor-section-height-default\" data-id=\"6402945\" data-element_type=\"section\" data-e-type=\"section\" data-settings=\"{&quot;jet_parallax_layout_list&quot;:[{&quot;jet_parallax_layout_image&quot;:{&quot;url&quot;:&quot;&quot;,&quot;id&quot;:&quot;&quot;,&quot;size&quot;:&quot;&quot;},&quot;_id&quot;:&quot;a7dfe70&quot;,&quot;jet_parallax_layout_image_tablet&quot;:{&quot;url&quot;:&quot;&quot;,&quot;id&quot;:&quot;&quot;,&quot;size&quot;:&quot;&quot;},&quot;jet_parallax_layout_image_mobile&quot;:{&quot;url&quot;:&quot;&quot;,&quot;id&quot;:&quot;&quot;,&quot;size&quot;:&quot;&quot;},&quot;jet_parallax_layout_speed&quot;:{&quot;unit&quot;:&quot;%&quot;,&quot;size&quot;:50,&quot;sizes&quot;:[]},&quot;jet_parallax_layout_type&quot;:&quot;scroll&quot;,&quot;jet_parallax_layout_direction&quot;:&quot;1&quot;,&quot;jet_parallax_layout_fx_direction&quot;:null,&quot;jet_parallax_layout_z_index&quot;:&quot;&quot;,&quot;jet_parallax_layout_bg_x&quot;:50,&quot;jet_parallax_layout_bg_x_tablet&quot;:&quot;&quot;,&quot;jet_parallax_layout_bg_x_mobile&quot;:&quot;&quot;,&quot;jet_parallax_layout_bg_y&quot;:50,&quot;jet_parallax_layout_bg_y_tablet&quot;:&quot;&quot;,&quot;jet_parallax_layout_bg_y_mobile&quot;:&quot;&quot;,&quot;jet_parallax_layout_bg_size&quot;:&quot;auto&quot;,&quot;jet_parallax_layout_bg_size_tablet&quot;:&quot;&quot;,&quot;jet_parallax_layout_bg_size_mobile&quot;:&quot;&quot;,&quot;jet_parallax_layout_animation_prop&quot;:&quot;transform&quot;,&quot;jet_parallax_layout_on&quot;:[&quot;desktop&quot;,&quot;tablet&quot;]}]}\">\n\t\t\t\t\t\t<div class=\"elementor-container elementor-column-gap-default\">\n\t\t\t\t\t<div class=\"elementor-column elementor-col-100 elementor-top-column elementor-element elementor-element-63edfeb\" data-id=\"63edfeb\" data-element_type=\"column\" data-e-type=\"column\">\n\t\t\t<div class=\"elementor-widget-wrap elementor-element-populated\">\n\t\t\t\t\t\t<div class=\"elementor-element elementor-element-bf176b7 elementor-widget elementor-widget-heading\" data-id=\"bf176b7\" data-element_type=\"widget\" data-e-type=\"widget\" data-widget_type=\"heading.default\">\n\t\t\t\t\t<h1 class=\"elementor-heading-title elementor-size-default\">Condiciones de Venta<\/h1>\t\t\t\t<\/div>\n\t\t\t\t<div class=\"elementor-element elementor-element-8b4ceaa elementor-widget elementor-widget-text-editor\" data-id=\"8b4ceaa\" data-element_type=\"widget\" data-e-type=\"widget\" data-widget_type=\"text-editor.default\">\n\t\t\t\t\t\t\t\t\t<div class=\"body \"><div class=\"contenido_std contenedor\"><div class=\"descripcion\"><p class=\"p1\"><b>TERMINOS Y CONDICIONES<\/b><br \/><br \/><b>ENERGYEAR S.L<\/b>\u00a0presenta sus pol\u00edticas de uso, que deben ser observados por todos y cada uno de los clientes y visitantes, en virtud del uso de servicios, la red y\/o sistemas o programas (\u201cServicios\u201d) propiedad de<b>\u00a0ENERGYEAR S.L<\/b>.<br \/><br \/><b>LEA ATENTAMENTE ESTAS POLITICAS DE USO ANTES DE USAR ESTE SERVICIO. Al usar el sitio de ENERGYEAR S.L<\/b>\u00a0usted acepta estas pol\u00edticas de uso. Si no acepta dichos t\u00e9rminos, no use el sitio de\u00a0<b>ENERGYEAR S.L<\/b>\u00a0<b>. ENERGYEAR S.L<\/b>\u00a0\u00a0se reserva el derecho, a su discreci\u00f3n, de cambiar, modificar, a\u00f1adir o suprimir partes de los presentes t\u00e9rminos en cualquier momento. El suscriptor debe revisar peri\u00f3dicamente si estos t\u00e9rminos han cambiado. El uso continuo del sitio <b>ENERGYEAR S.L<\/b>\u00a0 despu\u00e9s de la incorporaci\u00f3n de cambios a los presentes t\u00e9rminos implicar\u00e1 la aceptaci\u00f3n de dichos cambios.<\/p><p class=\"p1\"><b>Pol\u00edtica de venta<\/b><\/p><p class=\"p1\"><b>Proceso<\/b>: El usuario deber\u00e1 realizar la inscripci\u00f3n en el evento interesado pudiendo realizar esta a trav\u00e9s de la web en la correspondiente p\u00e1gina de inscripci\u00f3n. Las inscripciones llegan directamente al mail\u00a0<a href=\"mailto:info@energyear.com\"><span class=\"s1\">info@energyear.com<\/span><\/a>\u00a0donde ser\u00e1n autom\u00e1ticamente tramitadas y se le confirmar\u00e1n con un mail.<\/p><p class=\"p1\">El usuario no estar\u00e1 formalmente inscrito hasta que no haya realizado la inscripci\u00f3n y el pago de la misma. Una vez realizado esto se le enviar\u00e1 una confirmaci\u00f3n de inscripci\u00f3n. Todas las inscripciones que no hayan sido abonadas en un plazo de 5 d\u00edas a la realizaci\u00f3n de la misma ser\u00e1n anuladas y perder\u00e1n su reserva de plaza. Si llegado el d\u00eda de inicio del evento el usuario no tiene formalizado el pago, el usuario no tiene derecho a plaza y por tanto su derecho a asistencia.<\/p><p class=\"p1\">Los pagos podr\u00e1n realizarse mediante nuestro TPV virtual usando tarjetas Visa y MasterCard, o bien mediante ingreso\/transferencia bancaria en la\/s cuenta\/s indicadas para tal efecto.<\/p><p class=\"p1\"><b>Pol\u00edtica de devoluci\u00f3n<\/b><\/p><p class=\"p1\">El usuario tiene derecho a la devoluci\u00f3n del importe de la inscripci\u00f3n en los siguientes t\u00e9rminos y condiciones:<br \/><br \/>Las cancelaciones deben informarse por escrito, enviando un email a INSCRIPCIONES ENERGYEAR\u00a0<a href=\"mailto:info@energyear.com\"><span class=\"s1\">info@energyear.com<\/span><\/a>.\u00a0<br \/><br \/>No se aceptan cancelaciones informadas por ninguna otra v\u00eda. En dicho email deben constar todos los datos de la inscripci\u00f3n, incluyendo nombre y apellidos, fecha y datos de contacto y n\u00famero de cuenta BIC\/IBAN\/SWIFT.<\/p><p class=\"p1\">Las\u00a0<b>tasas de devoluci\u00f3n<\/b>\u00a0son las siguientes:<\/p><ul class=\"ul1\"><li class=\"li3\"><span class=\"s3\">Cancelaciones 15 d\u00edas naturales previos al evento se reembolsar\u00e1 el importe de la inscripci\u00f3n menos un 50% en concepto de gastos administrativos y de gesti\u00f3n.<\/span><\/li><li class=\"li3\"><span class=\"s3\">Cancelaciones con menos de 15 d\u00edas naturales de anticipaci\u00f3n no dar\u00e1 derecho a devoluci\u00f3n alguna.\u00a0Las devoluciones se realizar\u00e1n dentro de los 30 d\u00edas laborales posteriores a la terminaci\u00f3n del evento, por transferencia electr\u00f3nica a nombre de quien la realiz\u00f3.<\/span><\/li><\/ul><p class=\"p1\"><b>Pol\u00edtica de sustituci\u00f3n<\/b><\/p><p class=\"p1\">Si la persona inscrita no puede participar en el evento y previo aviso de al menos 4 d\u00edas naturales de anticipaci\u00f3n a la fecha de celebraci\u00f3n, se podr\u00e1 sustituir por otra persona de la misma organizaci\u00f3n.<br \/>En cualquier caso, la persona que vaya a asistir en sustituci\u00f3n de la inicialmente inscrita deber\u00e1 cumplimentar tambi\u00e9n su inscripci\u00f3n y solicitar el cambio a\u00a0<a href=\"mailto:info@energyear.com\"><span class=\"s1\">info@energyear.com<\/span><\/a>.\u00a0<\/p><p class=\"p1\"><b>Pol\u00edtica de cancelaci\u00f3n<\/b><\/p><p class=\"p1\">La organizaci\u00f3n se reserva el derecho de posponer o cancelar un evento si no hay suficientes personas inscritas, o si los ponentes, por causa mayor justificada no pudieran asistir.<br \/><br \/>Ser\u00e1n reintegrados totalmente los pagos recibidos por inscripciones sin posibilidad expresa de ning\u00fan otro tipo de compensaci\u00f3n.<\/p><\/div><\/div><\/div>\t\t\t\t\t\t\t\t<\/div>\n\t\t\t\t\t<\/div>\n\t\t<\/div>\n\t\t\t\t\t<\/div>\n\t\t<\/section>\n\t\t\t\t<\/div>\n\t\t","protected":false},"excerpt":{"rendered":"<p>Condiciones de Venta TERMINOS Y CONDICIONES ENERGYEAR S.L\u00a0presenta sus pol\u00edticas de uso, que deben ser observados por todos y cada uno de los clientes y visitantes, en virtud del uso de servicios, la red y\/o sistemas o programas (\u201cServicios\u201d) propiedad de\u00a0ENERGYEAR S.L. LEA ATENTAMENTE ESTAS POLITICAS DE USO ANTES DE USAR ESTE SERVICIO. Al usar &#8230; <a title=\"Terms and Conditions of Sale\" class=\"read-more\" href=\"https:\/\/energyearwordpress.pixelinnova.com\/en\/condiciones-de-venta\/\" aria-label=\"Read more about Condiciones de Venta\">Read more<\/a><\/p>","protected":false},"author":2,"featured_media":0,"parent":0,"menu_order":54,"comment_status":"closed","ping_status":"closed","template":"","meta":{"_acf_changed":false,"content-type":"","footnotes":""},"folder":[109],"class_list":["post-39","page","type-page","status-publish"],"acf":[],"yoast_head":"<!-- This site is optimized with the Yoast SEO plugin v27.4 - https:\/\/yoast.com\/product\/yoast-seo-wordpress\/ -->\n<title>Condiciones de Venta - Energyear<\/title>\n<meta name=\"robots\" content=\"noindex, follow, max-snippet:-1, max-image-preview:large, max-video-preview:-1\" \/>\n<meta property=\"og:locale\" content=\"en_GB\" \/>\n<meta property=\"og:type\" content=\"article\" \/>\n<meta property=\"og:title\" content=\"Condiciones de Venta - Energyear\" \/>\n<meta property=\"og:description\" content=\"Condiciones de Venta TERMINOS Y CONDICIONES ENERGYEAR S.L\u00a0presenta sus pol\u00edticas de uso, que deben ser observados por todos y cada uno de los clientes y visitantes, en virtud del uso de servicios, la red y\/o sistemas o programas (\u201cServicios\u201d) propiedad de\u00a0ENERGYEAR S.L. LEA ATENTAMENTE ESTAS POLITICAS DE USO ANTES DE USAR ESTE SERVICIO. Al usar ... Read more\" \/>\n<meta property=\"og:url\" content=\"https:\/\/energyearwordpress.pixelinnova.com\/en\/condiciones-de-venta\/\" \/>\n<meta property=\"og:site_name\" content=\"Energyear\" \/>\n<meta property=\"article:modified_time\" content=\"2022-06-01T16:28:44+00:00\" \/>\n<meta name=\"twitter:card\" content=\"summary_large_image\" \/>\n<meta name=\"twitter:label1\" content=\"Estimated reading time\" \/>\n\t<meta name=\"twitter:data1\" content=\"3 minutes\" \/>\n<script type=\"application\/ld+json\" class=\"yoast-schema-graph\">{\"@context\":\"https:\\\/\\\/schema.org\",\"@graph\":[{\"@type\":\"WebPage\",\"@id\":\"https:\\\/\\\/energyearwordpress.pixelinnova.com\\\/condiciones-de-venta\\\/\",\"url\":\"https:\\\/\\\/energyearwordpress.pixelinnova.com\\\/condiciones-de-venta\\\/\",\"name\":\"Condiciones de Venta - Energyear\",\"isPartOf\":{\"@id\":\"https:\\\/\\\/energyearwordpress.pixelinnova.com\\\/#website\"},\"datePublished\":\"2021-11-25T12:02:07+00:00\",\"dateModified\":\"2022-06-01T16:28:44+00:00\",\"breadcrumb\":{\"@id\":\"https:\\\/\\\/energyearwordpress.pixelinnova.com\\\/condiciones-de-venta\\\/#breadcrumb\"},\"inLanguage\":\"en-GB\",\"potentialAction\":[{\"@type\":\"ReadAction\",\"target\":[\"https:\\\/\\\/energyearwordpress.pixelinnova.com\\\/condiciones-de-venta\\\/\"]}]},{\"@type\":\"BreadcrumbList\",\"@id\":\"https:\\\/\\\/energyearwordpress.pixelinnova.com\\\/condiciones-de-venta\\\/#breadcrumb\",\"itemListElement\":[{\"@type\":\"ListItem\",\"position\":1,\"name\":\"Portada\",\"item\":\"https:\\\/\\\/energyearwordpress.pixelinnova.com\\\/es\\\/\"},{\"@type\":\"ListItem\",\"position\":2,\"name\":\"Condiciones de Venta\"}]},{\"@type\":\"WebSite\",\"@id\":\"https:\\\/\\\/energyearwordpress.pixelinnova.com\\\/#website\",\"url\":\"https:\\\/\\\/energyearwordpress.pixelinnova.com\\\/\",\"name\":\"Energyear\",\"description\":\"Eventos de Energ\u00edas Renovables y Movilidad\",\"publisher\":{\"@id\":\"https:\\\/\\\/energyearwordpress.pixelinnova.com\\\/#organization\"},\"potentialAction\":[{\"@type\":\"SearchAction\",\"target\":{\"@type\":\"EntryPoint\",\"urlTemplate\":\"https:\\\/\\\/energyearwordpress.pixelinnova.com\\\/?s={search_term_string}\"},\"query-input\":{\"@type\":\"PropertyValueSpecification\",\"valueRequired\":true,\"valueName\":\"search_term_string\"}}],\"inLanguage\":\"en-GB\"},{\"@type\":\"Organization\",\"@id\":\"https:\\\/\\\/energyearwordpress.pixelinnova.com\\\/#organization\",\"name\":\"Energyear\",\"url\":\"https:\\\/\\\/energyearwordpress.pixelinnova.com\\\/\",\"logo\":{\"@type\":\"ImageObject\",\"inLanguage\":\"en-GB\",\"@id\":\"https:\\\/\\\/energyearwordpress.pixelinnova.com\\\/#\\\/schema\\\/logo\\\/image\\\/\",\"url\":\"https:\\\/\\\/energyearwordpress.pixelinnova.com\\\/wp-content\\\/uploads\\\/2022\\\/01\\\/logo_energyear_f.svg\",\"contentUrl\":\"https:\\\/\\\/energyearwordpress.pixelinnova.com\\\/wp-content\\\/uploads\\\/2022\\\/01\\\/logo_energyear_f.svg\",\"width\":100,\"height\":100,\"caption\":\"Energyear\"},\"image\":{\"@id\":\"https:\\\/\\\/energyearwordpress.pixelinnova.com\\\/#\\\/schema\\\/logo\\\/image\\\/\"}}]}<\/script>\n<!-- \/ Yoast SEO plugin. -->","yoast_head_json":{"title":"Condiciones de Venta - Energyear","robots":{"index":"noindex","follow":"follow","max-snippet":"max-snippet:-1","max-image-preview":"max-image-preview:large","max-video-preview":"max-video-preview:-1"},"og_locale":"en_GB","og_type":"article","og_title":"Condiciones de Venta - Energyear","og_description":"Condiciones de Venta TERMINOS Y CONDICIONES ENERGYEAR S.L\u00a0presenta sus pol\u00edticas de uso, que deben ser observados por todos y cada uno de los clientes y visitantes, en virtud del uso de servicios, la red y\/o sistemas o programas (\u201cServicios\u201d) propiedad de\u00a0ENERGYEAR S.L. LEA ATENTAMENTE ESTAS POLITICAS DE USO ANTES DE USAR ESTE SERVICIO. Al usar ... Read more","og_url":"https:\/\/energyearwordpress.pixelinnova.com\/en\/condiciones-de-venta\/","og_site_name":"Energyear","article_modified_time":"2022-06-01T16:28:44+00:00","twitter_card":"summary_large_image","twitter_misc":{"Estimated reading time":"3 minutes"},"schema":{"@context":"https:\/\/schema.org","@graph":[{"@type":"WebPage","@id":"https:\/\/energyearwordpress.pixelinnova.com\/condiciones-de-venta\/","url":"https:\/\/energyearwordpress.pixelinnova.com\/condiciones-de-venta\/","name":"Condiciones de Venta - Energyear","isPartOf":{"@id":"https:\/\/energyearwordpress.pixelinnova.com\/#website"},"datePublished":"2021-11-25T12:02:07+00:00","dateModified":"2022-06-01T16:28:44+00:00","breadcrumb":{"@id":"https:\/\/energyearwordpress.pixelinnova.com\/condiciones-de-venta\/#breadcrumb"},"inLanguage":"en-GB","potentialAction":[{"@type":"ReadAction","target":["https:\/\/energyearwordpress.pixelinnova.com\/condiciones-de-venta\/"]}]},{"@type":"BreadcrumbList","@id":"https:\/\/energyearwordpress.pixelinnova.com\/condiciones-de-venta\/#breadcrumb","itemListElement":[{"@type":"ListItem","position":1,"name":"Portada","item":"https:\/\/energyearwordpress.pixelinnova.com\/es\/"},{"@type":"ListItem","position":2,"name":"Condiciones de Venta"}]},{"@type":"WebSite","@id":"https:\/\/energyearwordpress.pixelinnova.com\/#website","url":"https:\/\/energyearwordpress.pixelinnova.com\/","name":"<b>bring together the most influential players in the energy sector <b \/>","description":"Renewable Energy and Mobility Events","publisher":{"@id":"https:\/\/energyearwordpress.pixelinnova.com\/#organization"},"potentialAction":[{"@type":"SearchAction","target":{"@type":"EntryPoint","urlTemplate":"https:\/\/energyearwordpress.pixelinnova.com\/?s={search_term_string}"},"query-input":{"@type":"PropertyValueSpecification","valueRequired":true,"valueName":"search_term_string"}}],"inLanguage":"en-GB"},{"@type":"Organization","@id":"https:\/\/energyearwordpress.pixelinnova.com\/#organization","name":"<b>bring together the most influential players in the energy sector <b \/>","url":"https:\/\/energyearwordpress.pixelinnova.com\/","logo":{"@type":"ImageObject","inLanguage":"en-GB","@id":"https:\/\/energyearwordpress.pixelinnova.com\/#\/schema\/logo\/image\/","url":"https:\/\/energyearwordpress.pixelinnova.com\/wp-content\/uploads\/2022\/01\/logo_energyear_f.svg","contentUrl":"https:\/\/energyearwordpress.pixelinnova.com\/wp-content\/uploads\/2022\/01\/logo_energyear_f.svg","width":100,"height":100,"caption":"Energyear"},"image":{"@id":"https:\/\/energyearwordpress.pixelinnova.com\/#\/schema\/logo\/image\/"}}]}},"_links":{"self":[{"href":"https:\/\/energyearwordpress.pixelinnova.com\/en\/wp-json\/wp\/v2\/pages\/39","targetHints":{"allow":["GET"]}}],"collection":[{"href":"https:\/\/energyearwordpress.pixelinnova.com\/en\/wp-json\/wp\/v2\/pages"}],"about":[{"href":"https:\/\/energyearwordpress.pixelinnova.com\/en\/wp-json\/wp\/v2\/types\/page"}],"author":[{"embeddable":true,"href":"https:\/\/energyearwordpress.pixelinnova.com\/en\/wp-json\/wp\/v2\/users\/2"}],"replies":[{"embeddable":true,"href":"https:\/\/energyearwordpress.pixelinnova.com\/en\/wp-json\/wp\/v2\/comments?post=39"}],"version-history":[{"count":0,"href":"https:\/\/energyearwordpress.pixelinnova.com\/en\/wp-json\/wp\/v2\/pages\/39\/revisions"}],"wp:attachment":[{"href":"https:\/\/energyearwordpress.pixelinnova.com\/en\/wp-json\/wp\/v2\/media?parent=39"}],"wp:term":[{"taxonomy":"folder","embeddable":true,"href":"https:\/\/energyearwordpress.pixelinnova.com\/en\/wp-json\/wp\/v2\/folder?post=39"}],"curies":[{"name":"wp","href":"https:\/\/api.w.org\/{rel}","templated":true}]}}