{"id":41,"date":"2021-11-25T13:02:25","date_gmt":"2021-11-25T12:02:25","guid":{"rendered":"https:\/\/energyear.com\/?page_id=41"},"modified":"2025-10-23T11:05:41","modified_gmt":"2025-10-23T09:05:41","slug":"politica-de-cookies","status":"publish","type":"page","link":"https:\/\/energyearwordpress.pixelinnova.com\/en\/politica-de-cookies\/","title":{"rendered":"Cookie Policy"},"content":{"rendered":"<div data-elementor-type=\"wp-page\" data-elementor-id=\"41\" class=\"elementor elementor-41\" data-elementor-post-type=\"page\">\n\t\t\t\t\t\t<section class=\"elementor-section elementor-top-section elementor-element elementor-element-086dc92 elementor-section-boxed elementor-section-height-default elementor-section-height-default\" data-id=\"086dc92\" data-element_type=\"section\" data-e-type=\"section\" data-settings=\"{&quot;jet_parallax_layout_list&quot;:[]}\">\n\t\t\t\t\t\t<div class=\"elementor-container elementor-column-gap-default\">\n\t\t\t\t\t<div class=\"elementor-column elementor-col-100 elementor-top-column elementor-element elementor-element-c0e2c6b\" data-id=\"c0e2c6b\" data-element_type=\"column\" data-e-type=\"column\">\n\t\t\t<div class=\"elementor-widget-wrap elementor-element-populated\">\n\t\t\t\t\t\t<div class=\"elementor-element elementor-element-a546b6d elementor-widget elementor-widget-heading\" data-id=\"a546b6d\" data-element_type=\"widget\" data-e-type=\"widget\" data-widget_type=\"heading.default\">\n\t\t\t\t\t<h1 class=\"elementor-heading-title elementor-size-default\">Pol\u00edtica de Cookies<\/h1>\t\t\t\t<\/div>\n\t\t\t\t<div class=\"elementor-element elementor-element-01bbd8c elementor-widget elementor-widget-text-editor\" data-id=\"01bbd8c\" data-element_type=\"widget\" data-e-type=\"widget\" data-widget_type=\"text-editor.default\">\n\t\t\t\t\t\t\t\t\t<div class=\"body\">\n<div class=\"contenido_std contenedor\">\n<div class=\"descripcion\">\n<h3 class=\"rotulo rotulogdpr\">\u00bfQu\u00e9 son las cookies?<\/h3>\nUna cookie es un fichero que se descarga en su ordenador al acceder a determinadas p\u00e1ginas web. Las cookies permiten a una p\u00e1gina web, entre otras cosas, almacenar y recuperar informaci\u00f3n sobre los h\u00e1bitos de navegaci\u00f3n de un usuario o de su equipo y, dependiendo de la informaci\u00f3n que contengan y de la forma en que utilice su equipo, pueden utilizarse para reconocer al usuario.\n<h3 class=\"rotulo rotulogdpr\">Las Cookies pueden ser<\/h3>\nCookies\u00a0<strong>propias<\/strong>:\u00a0Son aqu\u00e9llas que se env\u00edan al equipo terminal del usuario desde un equipo o dominio gestionado por el propio editor y desde el que se presta el servicio solicitado por el usuario.\n\nCookies de\u00a0<strong>terceros<\/strong>:\u00a0Son aqu\u00e9llas que se env\u00edan al equipo terminal del usuario desde un equipo o dominio que no es gestionado por el editor, sino por otra entidad que trata los datos obtenidos trav\u00e9s de las cookies.\n\nCookies de\u00a0<strong>sesi\u00f3n<\/strong>:\u00a0Son un tipo de cookies dise\u00f1adas para recabar y almacenar datos mientras el usuario accede a una p\u00e1gina web.\n\nCookies\u00a0<strong>t\u00e9cnicas<\/strong>:\u00a0Son aqu\u00e9llas que permiten al usuario la navegaci\u00f3n a trav\u00e9s de una p\u00e1gina web, plataforma o aplicaci\u00f3n y la utilizaci\u00f3n de las diferentes opciones o servicios que en ella existan como, por ejemplo, controlar el tr\u00e1fico y la comunicaci\u00f3n de datos, identificar la sesi\u00f3n, acceder a partes de acceso restringido, recordar los elementos que integran un pedido, realizar el proceso de compra de un pedido, realizar la solicitud de inscripci\u00f3n o participaci\u00f3n en un evento, utilizar elementos de seguridad durante la navegaci\u00f3n, almacenar contenidos para la difusi\u00f3n de v\u00eddeos o sonido o compartir contenidos a trav\u00e9s de redes sociales.\n\nCookies de\u00a0<strong>an\u00e1lisis<\/strong>:\u00a0Son aqu\u00e9llas que permiten al responsable de las mismas, el seguimiento y an\u00e1lisis del comportamiento de los usuarios de los sitios web a los que est\u00e1n vinculadas. La informaci\u00f3n recogida mediante este tipo de cookies se utiliza en la medici\u00f3n de la actividad de los sitios web, aplicaci\u00f3n o plataforma y para la elaboraci\u00f3n de perfiles de navegaci\u00f3n de los usuarios de dichos sitios, aplicaciones y plataformas, con el fin de introducir mejoras en funci\u00f3n del an\u00e1lisis de los datos de uso que hacen los usuarios del servicio.\n<h3 class=\"rotulo rotulogdpr\">Cookies utilizadas<\/h3>\nConcretamente, las cookies utilizadas en esta p\u00e1gina web son:\n<div>\n<table class=\"cookies\">\n<tbody>\n<tr>\n<th>NOMBRE<\/th>\n<th>TITULAR<\/th>\n<th>DOMINIO<\/th>\n<th>TIPO<\/th>\n<th>USO<\/th>\n<th>NIVEL<\/th>\n<\/tr>\n<tr>\n<td>nrgyear_session<\/td>\n<td><b>bring together the most influential players in the energy sector <b \/><\/td>\n<td>www.energyear.com<\/td>\n<td>T\u00e9cnica<\/td>\n<td>Se utiliza para almacenar la sesi\u00f3n del usuario durante el tiempo que se encuentra navegando por el portal.<\/td>\n<td>1<\/td>\n<\/tr>\n<tr>\n<td>cb-enabled<\/td>\n<td><b>bring together the most influential players in the energy sector <b \/><\/td>\n<td>www.energyear.com<\/td>\n<td>An\u00e1lisis<\/td>\n<td>Esta cookie detecta si el usuario ha aceptado la pol\u00edtica de cookies de la web y por lo tanto no es necesario volver a mostrar el mensaje relacionado con el mismo.<\/td>\n<td>2<\/td>\n<\/tr>\n<\/tr>\n<tr>\n<td>__hstc<br>\nhubspotutk<br>\n__hssc<br>\n__hssrc<br>\nmessagesUtk\n<\/td>\n<td>Hubspot<\/td>\n<td>www.energyear.com<\/td>\n<td>An\u00e1lisis<\/td>\n<td>Nuestro sitio web utiliza cookies de HubSpot con el fin de analizar el uso del sitio, optimizar la experiencia del usuario y facilitar nuestras acciones de marketing y comunicaci\u00f3n.<\/td>\n<td>2<\/td>\n<\/tr>\n<\/tbody>\n<\/table>\n<\/div>\n<h3 class=\"rotulo rotulogdpr\">\nNiveles de intromisi\u00f3n<\/h3>\nLas cookies arriba expuestas incorporan un criterio de \u00abnivel de intrusi\u00f3n\u00bb apoyado en una escala del 1 al 3, en la que:\n<ul>\n \t<li><strong>Nivel 1<\/strong>: Se corresponde con cookies de uso interno imprescindibles para la prestaci\u00f3n del propio servicio solicitado por el usuario.<\/li>\n \t<li><strong>Nivel 2<\/strong>: Se corresponde con cookies an\u00f3nimas de uso interno necesarias para el mantenimiento de contenidos y navegaci\u00f3n, as\u00ed como a cookies gestionadas por terceros en el marco de servicios solicitados expresamente por el usuario en las webs de aquellos (ej.: Complementos Sociales de Facebook o Twitter, v\u00eddeos incrustados, mapas).<\/li>\n \t<li><strong>Nivel 3<\/strong>: Se corresponde con cookies gestionadas por terceros en el marco de servicios no solicitados expresamente por el usuario, permitiendo su seguimiento a trav\u00e9s de webs de las que EnergYear no es titular. La especificaci\u00f3n de este nivel viene acompa\u00f1ada de su titular. El uso de cookies de nivel 3 est\u00e1 sujeto al permiso previo del usuario mediante confirmaci\u00f3n expresa de su aceptaci\u00f3n.<\/li>\n<\/ul>\n<h3 class=\"rotulo rotulogdpr\">Bloqueo del uso de Cookies<\/h3>\nEn cualquier momento usted podr\u00e1 permitir, bloquear o eliminar las cookies instaladas en su ordenador mediante la configuraci\u00f3n de las opciones del navegador que tenga instalado:\n<ul>\n \t<li>Google Chrome:\u00a0<a href=\"https:\/\/support.google.com\/chrome\/answer\/95647?hl=es\" target=\"_blank\" rel=\"noreferrer noopener\">C\u00f3mo administrar Cookies y Datos de sitios.<\/a><\/li>\n \t<li>Firefox:\u00a0<a href=\"https:\/\/support.mozilla.org\/es\/kb\/habilitar-y-deshabilitar-cookies-que-los-sitios-we\" target=\"_blank\" rel=\"noreferrer noopener\">Habilitar y Deshabilitar cookies que los sitios web utilizan para rastrear tus preferencias.<\/a><\/li>\n \t<li>Internet Explorer:\u00a0<a href=\"http:\/\/windows.microsoft.com\/es-es\/windows-vista\/block-or-allow-cookies\" target=\"_blank\" rel=\"noreferrer noopener\">Bloquear o permitir Cookies.<\/a><\/li>\n \t<li>Safari:\u00a0<a href=\"http:\/\/support.apple.com\/kb\/PH17204?viewlocale=es_ES&amp;locale=es_ES\" target=\"_blank\" rel=\"noreferrer noopener\">Navegar en Internet.<\/a>\u00a0Apartado Proteger la informaci\u00f3n personal (al final de la p\u00e1gina)<\/li>\n<\/ul>\n<h3 class=\"rotulo rotulogdpr\">Revocaci\u00f3n del consentimiento<\/h3>\nEl Usuario puede revocar su consentimiento para el uso de Cookies en su navegador a trav\u00e9s de las indicaciones anteriores o a trav\u00e9s de la instalaci\u00f3n de un sistema de rechazo, (\u00abopt-out\u00bb) en su navegador web. Algunos terceros facilitan este rechazo a trav\u00e9s de los siguientes enlaces:\n<ul>\n \t<li><a href=\"https:\/\/tools.google.com\/dlpage\/gaoptout?hl=None\">Opt-out de Google Analytics<\/a><\/li>\n \t<li><a href=\"http:\/\/www.google.com\/settings\/ads\/plugin\">Opt-out de Doubleclick<\/a><\/li>\n \t<li><a href=\"http:\/\/www.macromedia.com\/support\/documentation\/es\/flashplayer\/help\/settings_manager07.html\">Opt-out de Cookies Flash<\/a><\/li>\n<\/ul>\nSeleccione la opci\u00f3n \u00abEliminar todos los sitios\u00bb o seleccione la web espec\u00edfica que desee borrar y \u00abEliminar Sitio Web\u00bb.\n<h3 class=\"rotulo rotulogdpr\">Funcionamiento del portal<\/h3>\nTenga en cuenta que si decide configurar su navegador para que rechace nuestras Cookies, no podremos mantener sus preferencias y algunas p\u00e1ginas pueden no estar disponibles.\n<h3 class=\"rotulo rotulogdpr\">Revisi\u00f3n<\/h3>\nEstas listas se actualizar\u00e1n con la mayor celeridad posible a medida de que cambien o evolucionen los servicios del sitio web ofrecidos en el mismo. Sin embargo, ocasionalmente durante esta actualizaci\u00f3n puede ser que la lista no incluya ya una cookie, aunque siempre se referir\u00e1 a cookies con prop\u00f3sitos id\u00e9nticos a los registrados en estas listas.\n\n<\/div>\n<\/div>\n<\/div>\n<footer class=\"pie\">\n<div class=\"superior contenedor\"><\/div>\n<\/footer>\t\t\t\t\t\t\t\t<\/div>\n\t\t\t\t\t<\/div>\n\t\t<\/div>\n\t\t\t\t\t<\/div>\n\t\t<\/section>\n\t\t\t\t<\/div>","protected":false},"excerpt":{"rendered":"<p>Pol\u00edtica de Cookies \u00bfQu\u00e9 son las cookies? Una cookie es un fichero que se descarga en su ordenador al acceder a determinadas p\u00e1ginas web. Las cookies permiten a una p\u00e1gina web, entre otras cosas, almacenar y recuperar informaci\u00f3n sobre los h\u00e1bitos de navegaci\u00f3n de un usuario o de su equipo y, dependiendo de la informaci\u00f3n &#8230; <a title=\"Cookie Policy\" class=\"read-more\" href=\"https:\/\/energyearwordpress.pixelinnova.com\/en\/politica-de-cookies\/\" aria-label=\"Read more about Pol\u00ed\u00adtica de Cookies\">Read more<\/a><\/p>","protected":false},"author":2,"featured_media":0,"parent":0,"menu_order":53,"comment_status":"closed","ping_status":"closed","template":"","meta":{"_acf_changed":false,"content-type":"","footnotes":""},"folder":[109],"class_list":["post-41","page","type-page","status-publish"],"acf":[],"yoast_head":"<!-- This site is optimized with the Yoast SEO plugin v27.4 - https:\/\/yoast.com\/product\/yoast-seo-wordpress\/ -->\n<title>Pol\u00ed\u00adtica de Cookies - Energyear<\/title>\n<meta name=\"robots\" content=\"noindex, follow, max-snippet:-1, max-image-preview:large, max-video-preview:-1\" \/>\n<meta property=\"og:locale\" content=\"en_GB\" \/>\n<meta property=\"og:type\" content=\"article\" \/>\n<meta property=\"og:title\" content=\"Pol\u00ed\u00adtica de Cookies - Energyear\" \/>\n<meta property=\"og:description\" content=\"Pol\u00edtica de Cookies \u00bfQu\u00e9 son las cookies? Una cookie es un fichero que se descarga en su ordenador al acceder a determinadas p\u00e1ginas web. Las cookies permiten a una p\u00e1gina web, entre otras cosas, almacenar y recuperar informaci\u00f3n sobre los h\u00e1bitos de navegaci\u00f3n de un usuario o de su equipo y, dependiendo de la informaci\u00f3n ... Read more\" \/>\n<meta property=\"og:url\" content=\"https:\/\/energyearwordpress.pixelinnova.com\/en\/politica-de-cookies\/\" \/>\n<meta property=\"og:site_name\" content=\"Energyear\" \/>\n<meta property=\"article:modified_time\" content=\"2025-10-23T09:05:41+00:00\" \/>\n<meta name=\"twitter:card\" content=\"summary_large_image\" \/>\n<meta name=\"twitter:label1\" content=\"Estimated reading time\" \/>\n\t<meta name=\"twitter:data1\" content=\"4 minutes\" \/>\n<script type=\"application\/ld+json\" class=\"yoast-schema-graph\">{\"@context\":\"https:\\\/\\\/schema.org\",\"@graph\":[{\"@type\":\"WebPage\",\"@id\":\"https:\\\/\\\/energyearwordpress.pixelinnova.com\\\/politica-de-cookies\\\/\",\"url\":\"https:\\\/\\\/energyearwordpress.pixelinnova.com\\\/politica-de-cookies\\\/\",\"name\":\"Pol\u00ed\u00adtica de Cookies - Energyear\",\"isPartOf\":{\"@id\":\"https:\\\/\\\/energyearwordpress.pixelinnova.com\\\/#website\"},\"datePublished\":\"2021-11-25T12:02:25+00:00\",\"dateModified\":\"2025-10-23T09:05:41+00:00\",\"breadcrumb\":{\"@id\":\"https:\\\/\\\/energyearwordpress.pixelinnova.com\\\/politica-de-cookies\\\/#breadcrumb\"},\"inLanguage\":\"en-GB\",\"potentialAction\":[{\"@type\":\"ReadAction\",\"target\":[\"https:\\\/\\\/energyearwordpress.pixelinnova.com\\\/politica-de-cookies\\\/\"]}]},{\"@type\":\"BreadcrumbList\",\"@id\":\"https:\\\/\\\/energyearwordpress.pixelinnova.com\\\/politica-de-cookies\\\/#breadcrumb\",\"itemListElement\":[{\"@type\":\"ListItem\",\"position\":1,\"name\":\"Portada\",\"item\":\"https:\\\/\\\/energyearwordpress.pixelinnova.com\\\/es\\\/\"},{\"@type\":\"ListItem\",\"position\":2,\"name\":\"Pol\u00ed\u00adtica de Cookies\"}]},{\"@type\":\"WebSite\",\"@id\":\"https:\\\/\\\/energyearwordpress.pixelinnova.com\\\/#website\",\"url\":\"https:\\\/\\\/energyearwordpress.pixelinnova.com\\\/\",\"name\":\"Energyear\",\"description\":\"Eventos de Energ\u00edas Renovables y Movilidad\",\"publisher\":{\"@id\":\"https:\\\/\\\/energyearwordpress.pixelinnova.com\\\/#organization\"},\"potentialAction\":[{\"@type\":\"SearchAction\",\"target\":{\"@type\":\"EntryPoint\",\"urlTemplate\":\"https:\\\/\\\/energyearwordpress.pixelinnova.com\\\/?s={search_term_string}\"},\"query-input\":{\"@type\":\"PropertyValueSpecification\",\"valueRequired\":true,\"valueName\":\"search_term_string\"}}],\"inLanguage\":\"en-GB\"},{\"@type\":\"Organization\",\"@id\":\"https:\\\/\\\/energyearwordpress.pixelinnova.com\\\/#organization\",\"name\":\"Energyear\",\"url\":\"https:\\\/\\\/energyearwordpress.pixelinnova.com\\\/\",\"logo\":{\"@type\":\"ImageObject\",\"inLanguage\":\"en-GB\",\"@id\":\"https:\\\/\\\/energyearwordpress.pixelinnova.com\\\/#\\\/schema\\\/logo\\\/image\\\/\",\"url\":\"https:\\\/\\\/energyearwordpress.pixelinnova.com\\\/wp-content\\\/uploads\\\/2022\\\/01\\\/logo_energyear_f.svg\",\"contentUrl\":\"https:\\\/\\\/energyearwordpress.pixelinnova.com\\\/wp-content\\\/uploads\\\/2022\\\/01\\\/logo_energyear_f.svg\",\"width\":100,\"height\":100,\"caption\":\"Energyear\"},\"image\":{\"@id\":\"https:\\\/\\\/energyearwordpress.pixelinnova.com\\\/#\\\/schema\\\/logo\\\/image\\\/\"}}]}<\/script>\n<!-- \/ Yoast SEO plugin. -->","yoast_head_json":{"title":"Pol\u00ed\u00adtica de Cookies - Energyear","robots":{"index":"noindex","follow":"follow","max-snippet":"max-snippet:-1","max-image-preview":"max-image-preview:large","max-video-preview":"max-video-preview:-1"},"og_locale":"en_GB","og_type":"article","og_title":"Pol\u00ed\u00adtica de Cookies - Energyear","og_description":"Pol\u00edtica de Cookies \u00bfQu\u00e9 son las cookies? Una cookie es un fichero que se descarga en su ordenador al acceder a determinadas p\u00e1ginas web. Las cookies permiten a una p\u00e1gina web, entre otras cosas, almacenar y recuperar informaci\u00f3n sobre los h\u00e1bitos de navegaci\u00f3n de un usuario o de su equipo y, dependiendo de la informaci\u00f3n ... Read more","og_url":"https:\/\/energyearwordpress.pixelinnova.com\/en\/politica-de-cookies\/","og_site_name":"Energyear","article_modified_time":"2025-10-23T09:05:41+00:00","twitter_card":"summary_large_image","twitter_misc":{"Estimated reading time":"4 minutes"},"schema":{"@context":"https:\/\/schema.org","@graph":[{"@type":"WebPage","@id":"https:\/\/energyearwordpress.pixelinnova.com\/politica-de-cookies\/","url":"https:\/\/energyearwordpress.pixelinnova.com\/politica-de-cookies\/","name":"Pol\u00ed\u00adtica de Cookies - Energyear","isPartOf":{"@id":"https:\/\/energyearwordpress.pixelinnova.com\/#website"},"datePublished":"2021-11-25T12:02:25+00:00","dateModified":"2025-10-23T09:05:41+00:00","breadcrumb":{"@id":"https:\/\/energyearwordpress.pixelinnova.com\/politica-de-cookies\/#breadcrumb"},"inLanguage":"en-GB","potentialAction":[{"@type":"ReadAction","target":["https:\/\/energyearwordpress.pixelinnova.com\/politica-de-cookies\/"]}]},{"@type":"BreadcrumbList","@id":"https:\/\/energyearwordpress.pixelinnova.com\/politica-de-cookies\/#breadcrumb","itemListElement":[{"@type":"ListItem","position":1,"name":"Portada","item":"https:\/\/energyearwordpress.pixelinnova.com\/es\/"},{"@type":"ListItem","position":2,"name":"Pol\u00ed\u00adtica de Cookies"}]},{"@type":"WebSite","@id":"https:\/\/energyearwordpress.pixelinnova.com\/#website","url":"https:\/\/energyearwordpress.pixelinnova.com\/","name":"<b>bring together the most influential players in the energy sector <b \/>","description":"Renewable Energy and Mobility Events","publisher":{"@id":"https:\/\/energyearwordpress.pixelinnova.com\/#organization"},"potentialAction":[{"@type":"SearchAction","target":{"@type":"EntryPoint","urlTemplate":"https:\/\/energyearwordpress.pixelinnova.com\/?s={search_term_string}"},"query-input":{"@type":"PropertyValueSpecification","valueRequired":true,"valueName":"search_term_string"}}],"inLanguage":"en-GB"},{"@type":"Organization","@id":"https:\/\/energyearwordpress.pixelinnova.com\/#organization","name":"<b>bring together the most influential players in the energy sector <b \/>","url":"https:\/\/energyearwordpress.pixelinnova.com\/","logo":{"@type":"ImageObject","inLanguage":"en-GB","@id":"https:\/\/energyearwordpress.pixelinnova.com\/#\/schema\/logo\/image\/","url":"https:\/\/energyearwordpress.pixelinnova.com\/wp-content\/uploads\/2022\/01\/logo_energyear_f.svg","contentUrl":"https:\/\/energyearwordpress.pixelinnova.com\/wp-content\/uploads\/2022\/01\/logo_energyear_f.svg","width":100,"height":100,"caption":"Energyear"},"image":{"@id":"https:\/\/energyearwordpress.pixelinnova.com\/#\/schema\/logo\/image\/"}}]}},"_links":{"self":[{"href":"https:\/\/energyearwordpress.pixelinnova.com\/en\/wp-json\/wp\/v2\/pages\/41","targetHints":{"allow":["GET"]}}],"collection":[{"href":"https:\/\/energyearwordpress.pixelinnova.com\/en\/wp-json\/wp\/v2\/pages"}],"about":[{"href":"https:\/\/energyearwordpress.pixelinnova.com\/en\/wp-json\/wp\/v2\/types\/page"}],"author":[{"embeddable":true,"href":"https:\/\/energyearwordpress.pixelinnova.com\/en\/wp-json\/wp\/v2\/users\/2"}],"replies":[{"embeddable":true,"href":"https:\/\/energyearwordpress.pixelinnova.com\/en\/wp-json\/wp\/v2\/comments?post=41"}],"version-history":[{"count":0,"href":"https:\/\/energyearwordpress.pixelinnova.com\/en\/wp-json\/wp\/v2\/pages\/41\/revisions"}],"wp:attachment":[{"href":"https:\/\/energyearwordpress.pixelinnova.com\/en\/wp-json\/wp\/v2\/media?parent=41"}],"wp:term":[{"taxonomy":"folder","embeddable":true,"href":"https:\/\/energyearwordpress.pixelinnova.com\/en\/wp-json\/wp\/v2\/folder?post=41"}],"curies":[{"name":"wp","href":"https:\/\/api.w.org\/{rel}","templated":true}]}}