{"id":1128,"date":"2021-12-27T14:17:44","date_gmt":"2021-12-27T13:17:44","guid":{"rendered":"https:\/\/energyear.com\/?page_id=1128"},"modified":"2025-11-27T17:39:27","modified_gmt":"2025-11-27T16:39:27","slug":"ser-patrocinador","status":"publish","type":"page","link":"https:\/\/energyearwordpress.pixelinnova.com\/pt\/ser-patrocinador\/","title":{"rendered":"Seja Patrocinador"},"content":{"rendered":"\t\t<div data-elementor-type=\"wp-page\" data-elementor-id=\"1128\" class=\"elementor elementor-1128\" data-elementor-post-type=\"page\">\n\t\t\t\t\t\t<section class=\"elementor-section elementor-top-section elementor-element elementor-element-8afd54c elementor-section-boxed elementor-section-height-default elementor-section-height-default\" data-id=\"8afd54c\" data-element_type=\"section\" data-e-type=\"section\" data-settings=\"{&quot;jet_parallax_layout_list&quot;:[{&quot;jet_parallax_layout_image&quot;:{&quot;url&quot;:&quot;&quot;,&quot;id&quot;:&quot;&quot;,&quot;size&quot;:&quot;&quot;},&quot;_id&quot;:&quot;43fc9bd&quot;,&quot;jet_parallax_layout_image_tablet&quot;:{&quot;url&quot;:&quot;&quot;,&quot;id&quot;:&quot;&quot;,&quot;size&quot;:&quot;&quot;},&quot;jet_parallax_layout_image_mobile&quot;:{&quot;url&quot;:&quot;&quot;,&quot;id&quot;:&quot;&quot;,&quot;size&quot;:&quot;&quot;},&quot;jet_parallax_layout_speed&quot;:{&quot;unit&quot;:&quot;%&quot;,&quot;size&quot;:50,&quot;sizes&quot;:[]},&quot;jet_parallax_layout_type&quot;:&quot;scroll&quot;,&quot;jet_parallax_layout_direction&quot;:&quot;1&quot;,&quot;jet_parallax_layout_fx_direction&quot;:null,&quot;jet_parallax_layout_z_index&quot;:&quot;&quot;,&quot;jet_parallax_layout_bg_x&quot;:50,&quot;jet_parallax_layout_bg_x_tablet&quot;:&quot;&quot;,&quot;jet_parallax_layout_bg_x_mobile&quot;:&quot;&quot;,&quot;jet_parallax_layout_bg_y&quot;:50,&quot;jet_parallax_layout_bg_y_tablet&quot;:&quot;&quot;,&quot;jet_parallax_layout_bg_y_mobile&quot;:&quot;&quot;,&quot;jet_parallax_layout_bg_size&quot;:&quot;auto&quot;,&quot;jet_parallax_layout_bg_size_tablet&quot;:&quot;&quot;,&quot;jet_parallax_layout_bg_size_mobile&quot;:&quot;&quot;,&quot;jet_parallax_layout_animation_prop&quot;:&quot;transform&quot;,&quot;jet_parallax_layout_on&quot;:[&quot;desktop&quot;,&quot;tablet&quot;]}],&quot;shape_divider_bottom&quot;:&quot;opacity-tilt&quot;}\">\n\t\t\t\t\t\t\t<div class=\"elementor-background-overlay\"><\/div>\n\t\t\t\t\t\t<div class=\"elementor-shape elementor-shape-bottom\" aria-hidden=\"true\" data-negative=\"false\">\n\t\t\t<svg xmlns=\"http:\/\/www.w3.org\/2000\/svg\" viewBox=\"0 0 2600 131.1\" preserveAspectRatio=\"none\">\n\t<path class=\"elementor-shape-fill\" d=\"M0 0L2600 0 2600 69.1 0 0z\"\/>\n\t<path class=\"elementor-shape-fill\" style=\"opacity:0.5\" d=\"M0 0L2600 0 2600 69.1 0 69.1z\"\/>\n\t<path class=\"elementor-shape-fill\" style=\"opacity:0.25\" d=\"M2600 0L0 0 0 130.1 2600 69.1z\"\/>\n<\/svg>\t\t<\/div>\n\t\t\t\t\t<div class=\"elementor-container elementor-column-gap-default\">\n\t\t\t\t\t<div class=\"elementor-column elementor-col-100 elementor-top-column elementor-element elementor-element-11096fce\" data-id=\"11096fce\" data-element_type=\"column\" data-e-type=\"column\">\n\t\t\t<div class=\"elementor-widget-wrap elementor-element-populated\">\n\t\t\t\t\t\t<div class=\"elementor-element elementor-element-2835f9a4 elementor-widget elementor-widget-heading\" data-id=\"2835f9a4\" data-element_type=\"widget\" data-e-type=\"widget\" data-widget_type=\"heading.default\">\n\t\t\t\t\t<h1 class=\"elementor-heading-title elementor-size-default\">SER PATROCINADOR<\/h1>\t\t\t\t<\/div>\n\t\t\t\t<div class=\"elementor-element elementor-element-4cde905c elementor-widget elementor-widget-heading\" data-id=\"4cde905c\" data-element_type=\"widget\" data-e-type=\"widget\" data-widget_type=\"heading.default\">\n\t\t\t\t\t<h2 class=\"elementor-heading-title elementor-size-default\">NETWORKING \u00b7 BUSINESS MATCHING \u00b7 PARTNERSHIP<\/h2>\t\t\t\t<\/div>\n\t\t\t\t<div class=\"elementor-element elementor-element-2a97adb elementor-widget elementor-widget-heading\" data-id=\"2a97adb\" data-element_type=\"widget\" data-e-type=\"widget\" data-widget_type=\"heading.default\">\n\t\t\t\t\t<p class=\"elementor-heading-title elementor-size-default\">Siendo patrocinador de ENERGYEAR rentabilizar\u00e1 su <br>participaci\u00f3n en el congreso desde el minuto uno.<\/p>\t\t\t\t<\/div>\n\t\t\t\t<div class=\"jet-popup-target elementor-element elementor-element-41e69c0 elementor-align-center elementor-widget elementor-widget-button\" data-jet-popup=\"{&quot;attached-popup&quot;:&quot;jet-popup-20961&quot;,&quot;trigger-type&quot;:&quot;click-self&quot;,&quot;trigger-custom-selector&quot;:&quot;&quot;}\" data-id=\"41e69c0\" data-element_type=\"widget\" data-e-type=\"widget\" data-widget_type=\"button.default\">\n\t\t\t\t\t\t\t\t\t\t<a class=\"elementor-button elementor-size-sm\" role=\"button\">\n\t\t\t\t\t\t<span class=\"elementor-button-content-wrapper\">\n\t\t\t\t\t\t<span class=\"elementor-button-icon\">\n\t\t\t\t<i aria-hidden=\"true\" class=\"far fa-file-pdf\"><\/i>\t\t\t<\/span>\n\t\t\t\t\t\t\t\t\t<span class=\"elementor-button-text\">descargar Dossier general<\/span>\n\t\t\t\t\t<\/span>\n\t\t\t\t\t<\/a>\n\t\t\t\t\t\t\t\t<\/div>\n\t\t\t\t\t<\/div>\n\t\t<\/div>\n\t\t\t\t\t<\/div>\n\t\t<\/section>\n\t\t\t\t<section class=\"elementor-section elementor-top-section elementor-element elementor-element-78f1eea9 elementor-section-boxed elementor-section-height-default elementor-section-height-default\" data-id=\"78f1eea9\" data-element_type=\"section\" data-e-type=\"section\" id=\"cabecera-home-2\" data-settings=\"{&quot;background_background&quot;:&quot;classic&quot;,&quot;jet_parallax_layout_list&quot;:[{&quot;jet_parallax_layout_image&quot;:{&quot;url&quot;:&quot;&quot;,&quot;id&quot;:&quot;&quot;,&quot;size&quot;:&quot;&quot;},&quot;_id&quot;:&quot;f912248&quot;,&quot;jet_parallax_layout_image_tablet&quot;:{&quot;url&quot;:&quot;&quot;,&quot;id&quot;:&quot;&quot;,&quot;size&quot;:&quot;&quot;},&quot;jet_parallax_layout_image_mobile&quot;:{&quot;url&quot;:&quot;&quot;,&quot;id&quot;:&quot;&quot;,&quot;size&quot;:&quot;&quot;},&quot;jet_parallax_layout_speed&quot;:{&quot;unit&quot;:&quot;%&quot;,&quot;size&quot;:50,&quot;sizes&quot;:[]},&quot;jet_parallax_layout_type&quot;:&quot;scroll&quot;,&quot;jet_parallax_layout_direction&quot;:&quot;1&quot;,&quot;jet_parallax_layout_fx_direction&quot;:null,&quot;jet_parallax_layout_z_index&quot;:&quot;&quot;,&quot;jet_parallax_layout_bg_x&quot;:50,&quot;jet_parallax_layout_bg_x_tablet&quot;:&quot;&quot;,&quot;jet_parallax_layout_bg_x_mobile&quot;:&quot;&quot;,&quot;jet_parallax_layout_bg_y&quot;:50,&quot;jet_parallax_layout_bg_y_tablet&quot;:&quot;&quot;,&quot;jet_parallax_layout_bg_y_mobile&quot;:&quot;&quot;,&quot;jet_parallax_layout_bg_size&quot;:&quot;auto&quot;,&quot;jet_parallax_layout_bg_size_tablet&quot;:&quot;&quot;,&quot;jet_parallax_layout_bg_size_mobile&quot;:&quot;&quot;,&quot;jet_parallax_layout_animation_prop&quot;:&quot;transform&quot;,&quot;jet_parallax_layout_on&quot;:[&quot;desktop&quot;,&quot;tablet&quot;]}]}\">\n\t\t\t\t\t\t\t<div class=\"elementor-background-overlay\"><\/div>\n\t\t\t\t\t\t\t<div class=\"elementor-container elementor-column-gap-default\">\n\t\t\t\t\t<div class=\"elementor-column elementor-col-100 elementor-top-column elementor-element elementor-element-60d2cbe7 elementor-invisible\" data-id=\"60d2cbe7\" data-element_type=\"column\" data-e-type=\"column\" data-settings=\"{&quot;animation&quot;:&quot;slideInLeft&quot;}\">\n\t\t\t<div class=\"elementor-widget-wrap elementor-element-populated\">\n\t\t\t\t\t\t<div class=\"elementor-element elementor-element-4b2968b elementor-widget elementor-widget-text-editor\" data-id=\"4b2968b\" data-element_type=\"widget\" data-e-type=\"widget\" data-widget_type=\"text-editor.default\">\n\t\t\t\t\t\t\t\t\t<p>La gira de eventos ENERGYEAR comprende una serie de eventos anuales enfocados a las oportunidades del sector renovable en diferentes regiones.<\/p><p>El valor diferencial de nuestros congresos radica en la calidad de las tem\u00e1ticas, sus ponentes y en el marcado perfil decisor de los participantes, con una clara orientaci\u00f3n a la excelencia en el Networking.<\/p><p>ENERGYEAR ofrece diferentes opciones de participaci\u00f3n destacada con una completa difusi\u00f3n antes, durante y despu\u00e9s de cada evento.<\/p><p>Las categor\u00edas incluyen diferentes opciones, entre las que podemos destacar:<\/p>\t\t\t\t\t\t\t\t<\/div>\n\t\t\t\t<div class=\"elementor-element elementor-element-626a0bdd elementor-widget elementor-widget-jet-services\" data-id=\"626a0bdd\" data-element_type=\"widget\" data-e-type=\"widget\" data-widget_type=\"jet-services.default\">\n\t\t\t\t<div class=\"elementor-widget-container\">\n\t\t\t\t\t<div class=\"elementor-jet-services jet-elements\"><div class=\"jet-services jet-services--header-position-left\">\n\t<div class=\"jet-services__inner\">\n\t\t\t\t<div class=\"jet-services__header\">\n\t\t\t<div class=\"jet-services__cover\"><div class=\"jet-services__icon\"><div class=\"inner\"><span class=\"jet-elements-icon\"><i aria-hidden=\"true\" class=\"fas fa-check-circle\"><\/i><\/span><\/div><\/div><\/div>\n\t\t<\/div>\n\t\t<div class=\"jet-services__content\"><h3 class=\"jet-services__title\"><span class=\"jet-services__title-text\">Paquete de pases al evento.<\/span><\/h3><\/div>\n\t\t\t<\/div>\n<\/div>\n<\/div>\t\t\t\t<\/div>\n\t\t\t\t<\/div>\n\t\t\t\t<div class=\"elementor-element elementor-element-1f25482e elementor-widget elementor-widget-jet-services\" data-id=\"1f25482e\" data-element_type=\"widget\" data-e-type=\"widget\" data-widget_type=\"jet-services.default\">\n\t\t\t\t<div class=\"elementor-widget-container\">\n\t\t\t\t\t<div class=\"elementor-jet-services jet-elements\"><div class=\"jet-services jet-services--header-position-left\">\n\t<div class=\"jet-services__inner\">\n\t\t\t\t<div class=\"jet-services__header\">\n\t\t\t<div class=\"jet-services__cover\"><div class=\"jet-services__icon\"><div class=\"inner\"><span class=\"jet-elements-icon\"><i aria-hidden=\"true\" class=\"fas fa-check-circle\"><\/i><\/span><\/div><\/div><\/div>\n\t\t<\/div>\n\t\t<div class=\"jet-services__content\"><h3 class=\"jet-services__title\"><span class=\"jet-services__title-text\">Participaci\u00f3n como panelista en tem\u00e1tica.<\/span><\/h3><\/div>\n\t\t\t<\/div>\n<\/div>\n<\/div>\t\t\t\t<\/div>\n\t\t\t\t<\/div>\n\t\t\t\t<div class=\"elementor-element elementor-element-b5247ee elementor-widget elementor-widget-jet-services\" data-id=\"b5247ee\" data-element_type=\"widget\" data-e-type=\"widget\" data-widget_type=\"jet-services.default\">\n\t\t\t\t<div class=\"elementor-widget-container\">\n\t\t\t\t\t<div class=\"elementor-jet-services jet-elements\"><div class=\"jet-services jet-services--header-position-left\">\n\t<div class=\"jet-services__inner\">\n\t\t\t\t<div class=\"jet-services__header\">\n\t\t\t<div class=\"jet-services__cover\"><div class=\"jet-services__icon\"><div class=\"inner\"><span class=\"jet-elements-icon\"><i aria-hidden=\"true\" class=\"fas fa-check-circle\"><\/i><\/span><\/div><\/div><\/div>\n\t\t<\/div>\n\t\t<div class=\"jet-services__content\"><h3 class=\"jet-services__title\"><span class=\"jet-services__title-text\">Acceso a los listados de participantes.<\/span><\/h3><\/div>\n\t\t\t<\/div>\n<\/div>\n<\/div>\t\t\t\t<\/div>\n\t\t\t\t<\/div>\n\t\t\t\t<div class=\"elementor-element elementor-element-150631d6 elementor-widget elementor-widget-jet-services\" data-id=\"150631d6\" data-element_type=\"widget\" data-e-type=\"widget\" data-widget_type=\"jet-services.default\">\n\t\t\t\t<div class=\"elementor-widget-container\">\n\t\t\t\t\t<div class=\"elementor-jet-services jet-elements\"><div class=\"jet-services jet-services--header-position-left\">\n\t<div class=\"jet-services__inner\">\n\t\t\t\t<div class=\"jet-services__header\">\n\t\t\t<div class=\"jet-services__cover\"><div class=\"jet-services__icon\"><div class=\"inner\"><span class=\"jet-elements-icon\"><i aria-hidden=\"true\" class=\"fas fa-check-circle\"><\/i><\/span><\/div><\/div><\/div>\n\t\t<\/div>\n\t\t<div class=\"jet-services__content\"><h3 class=\"jet-services__title\"><span class=\"jet-services__title-text\">Apoyo en la gesti\u00f3n de reuniones y toma de contacto con los perfiles de inter\u00e9s.<\/span><\/h3><\/div>\n\t\t\t<\/div>\n<\/div>\n<\/div>\t\t\t\t<\/div>\n\t\t\t\t<\/div>\n\t\t\t\t<div class=\"elementor-element elementor-element-98f0bbc elementor-widget elementor-widget-jet-services\" data-id=\"98f0bbc\" data-element_type=\"widget\" data-e-type=\"widget\" data-widget_type=\"jet-services.default\">\n\t\t\t\t<div class=\"elementor-widget-container\">\n\t\t\t\t\t<div class=\"elementor-jet-services jet-elements\"><div class=\"jet-services jet-services--header-position-left\">\n\t<div class=\"jet-services__inner\">\n\t\t\t\t<div class=\"jet-services__header\">\n\t\t\t<div class=\"jet-services__cover\"><div class=\"jet-services__icon\"><div class=\"inner\"><span class=\"jet-elements-icon\"><i aria-hidden=\"true\" class=\"fas fa-check-circle\"><\/i><\/span><\/div><\/div><\/div>\n\t\t<\/div>\n\t\t<div class=\"jet-services__content\"><h3 class=\"jet-services__title\"><span class=\"jet-services__title-text\">Espacio para Stand.<\/span><\/h3><\/div>\n\t\t\t<\/div>\n<\/div>\n<\/div>\t\t\t\t<\/div>\n\t\t\t\t<\/div>\n\t\t\t\t<div class=\"elementor-element elementor-element-9923584 elementor-widget elementor-widget-jet-services\" data-id=\"9923584\" data-element_type=\"widget\" data-e-type=\"widget\" data-widget_type=\"jet-services.default\">\n\t\t\t\t<div class=\"elementor-widget-container\">\n\t\t\t\t\t<div class=\"elementor-jet-services jet-elements\"><div class=\"jet-services jet-services--header-position-left\">\n\t<div class=\"jet-services__inner\">\n\t\t\t\t<div class=\"jet-services__header\">\n\t\t\t<div class=\"jet-services__cover\"><div class=\"jet-services__icon\"><div class=\"inner\"><span class=\"jet-elements-icon\"><i aria-hidden=\"true\" class=\"fas fa-check-circle\"><\/i><\/span><\/div><\/div><\/div>\n\t\t<\/div>\n\t\t<div class=\"jet-services__content\"><h3 class=\"jet-services__title\"><span class=\"jet-services__title-text\">Presencia de Logo en todos los elementos de imagen del congreso.<\/span><\/h3><\/div>\n\t\t\t<\/div>\n<\/div>\n<\/div>\t\t\t\t<\/div>\n\t\t\t\t<\/div>\n\t\t\t\t<div class=\"elementor-element elementor-element-d9e6c53 elementor-widget elementor-widget-jet-services\" data-id=\"d9e6c53\" data-element_type=\"widget\" data-e-type=\"widget\" data-widget_type=\"jet-services.default\">\n\t\t\t\t<div class=\"elementor-widget-container\">\n\t\t\t\t\t<div class=\"elementor-jet-services jet-elements\"><div class=\"jet-services jet-services--header-position-left\">\n\t<div class=\"jet-services__inner\">\n\t\t\t\t<div class=\"jet-services__header\">\n\t\t\t<div class=\"jet-services__cover\"><div class=\"jet-services__icon\"><div class=\"inner\"><span class=\"jet-elements-icon\"><i aria-hidden=\"true\" class=\"fas fa-check-circle\"><\/i><\/span><\/div><\/div><\/div>\n\t\t<\/div>\n\t\t<div class=\"jet-services__content\"><h3 class=\"jet-services__title\"><span class=\"jet-services__title-text\">Completa difusi\u00f3n en las diferentes plataformas ENERGYEAR (Redes Sociales, Web, Revista, App, etc.).<\/span><\/h3><\/div>\n\t\t\t<\/div>\n<\/div>\n<\/div>\t\t\t\t<\/div>\n\t\t\t\t<\/div>\n\t\t\t\t<div class=\"elementor-element elementor-element-59f5b38f elementor-widget elementor-widget-text-editor\" data-id=\"59f5b38f\" data-element_type=\"widget\" data-e-type=\"widget\" data-widget_type=\"text-editor.default\">\n\t\t\t\t\t\t\t\t\tEstudiamos el perfil de la compa\u00f1\u00eda y sus preferencias con el fin de generar una propuesta que maximice la participaci\u00f3n de la compa\u00f1\u00eda en nuestros eventos. S\u00famate a los partners estrat\u00e9gicos de ENERGYEAR y comienza a disfrutar de todas sus ventajas.\t\t\t\t\t\t\t\t<\/div>\n\t\t\t\t<div class=\"elementor-element elementor-element-595336b elementor-align-center elementor-widget elementor-widget-button\" data-id=\"595336b\" data-element_type=\"widget\" data-e-type=\"widget\" data-widget_type=\"button.default\">\n\t\t\t\t\t\t\t\t\t\t<a class=\"elementor-button elementor-button-link elementor-size-sm\" href=\"https:\/\/energyearwordpress.pixelinnova.com\/contacto\/\">\n\t\t\t\t\t\t<span class=\"elementor-button-content-wrapper\">\n\t\t\t\t\t\t<span class=\"elementor-button-icon\">\n\t\t\t\t<i aria-hidden=\"true\" class=\"fas fa-info-circle\"><\/i>\t\t\t<\/span>\n\t\t\t\t\t\t\t\t\t<span class=\"elementor-button-text\">M\u00c1S INFORMACI\u00d3N<\/span>\n\t\t\t\t\t<\/span>\n\t\t\t\t\t<\/a>\n\t\t\t\t\t\t\t\t<\/div>\n\t\t\t\t\t<\/div>\n\t\t<\/div>\n\t\t\t\t\t<\/div>\n\t\t<\/section>\n\t\t\t\t<\/div>\n\t\t","protected":false},"excerpt":{"rendered":"<p>SER PATROCINADOR NETWORKING \u00b7 BUSINESS MATCHING \u00b7 PARTNERSHIP Siendo patrocinador de ENERGYEAR rentabilizar\u00e1 su participaci\u00f3n en el congreso desde el minuto uno. descargar Dossier general La gira de eventos ENERGYEAR comprende una serie de eventos anuales enfocados a las oportunidades del sector renovable en diferentes regiones. El valor diferencial de nuestros congresos radica en la &#8230; <a title=\"Seja Patrocinador\" class=\"read-more\" href=\"https:\/\/energyearwordpress.pixelinnova.com\/pt\/ser-patrocinador\/\" aria-label=\"Leia mais sobre Ser patrocinador\">Ler mais<\/a><\/p>","protected":false},"author":2,"featured_media":0,"parent":0,"menu_order":44,"comment_status":"closed","ping_status":"closed","template":"","meta":{"_acf_changed":false,"content-type":"","footnotes":""},"folder":[109],"class_list":["post-1128","page","type-page","status-publish"],"acf":[],"yoast_head":"<!-- This site is optimized with the Yoast SEO plugin v27.4 - https:\/\/yoast.com\/product\/yoast-seo-wordpress\/ -->\n<title>Ser patrocinador - Energyear<\/title>\n<meta name=\"robots\" content=\"noindex, follow, max-snippet:-1, max-image-preview:large, max-video-preview:-1\" \/>\n<meta property=\"og:locale\" content=\"pt_PT\" \/>\n<meta property=\"og:type\" content=\"article\" \/>\n<meta property=\"og:title\" content=\"Ser patrocinador - Energyear\" \/>\n<meta property=\"og:description\" content=\"SER PATROCINADOR NETWORKING \u00b7 BUSINESS MATCHING \u00b7 PARTNERSHIP Siendo patrocinador de ENERGYEAR rentabilizar\u00e1 su participaci\u00f3n en el congreso desde el minuto uno. descargar Dossier general La gira de eventos ENERGYEAR comprende una serie de eventos anuales enfocados a las oportunidades del sector renovable en diferentes regiones. El valor diferencial de nuestros congresos radica en la ... Ler mais\" \/>\n<meta property=\"og:url\" content=\"https:\/\/energyearwordpress.pixelinnova.com\/pt\/ser-patrocinador\/\" \/>\n<meta property=\"og:site_name\" content=\"Energyear\" \/>\n<meta property=\"article:modified_time\" content=\"2025-11-27T16:39:27+00:00\" \/>\n<meta name=\"twitter:card\" content=\"summary_large_image\" \/>\n<meta name=\"twitter:label1\" content=\"Tempo estimado de leitura\" \/>\n\t<meta name=\"twitter:data1\" content=\"1 minuto\" \/>\n<script type=\"application\/ld+json\" class=\"yoast-schema-graph\">{\"@context\":\"https:\\\/\\\/schema.org\",\"@graph\":[{\"@type\":\"WebPage\",\"@id\":\"https:\\\/\\\/energyearwordpress.pixelinnova.com\\\/es\\\/ser-patrocinador\\\/\",\"url\":\"https:\\\/\\\/energyearwordpress.pixelinnova.com\\\/es\\\/ser-patrocinador\\\/\",\"name\":\"Ser patrocinador - Energyear\",\"isPartOf\":{\"@id\":\"https:\\\/\\\/energyearwordpress.pixelinnova.com\\\/#website\"},\"datePublished\":\"2021-12-27T13:17:44+00:00\",\"dateModified\":\"2025-11-27T16:39:27+00:00\",\"breadcrumb\":{\"@id\":\"https:\\\/\\\/energyearwordpress.pixelinnova.com\\\/es\\\/ser-patrocinador\\\/#breadcrumb\"},\"inLanguage\":\"pt-PT\",\"potentialAction\":[{\"@type\":\"ReadAction\",\"target\":[\"https:\\\/\\\/energyearwordpress.pixelinnova.com\\\/es\\\/ser-patrocinador\\\/\"]}]},{\"@type\":\"BreadcrumbList\",\"@id\":\"https:\\\/\\\/energyearwordpress.pixelinnova.com\\\/es\\\/ser-patrocinador\\\/#breadcrumb\",\"itemListElement\":[{\"@type\":\"ListItem\",\"position\":1,\"name\":\"Portada\",\"item\":\"https:\\\/\\\/energyearwordpress.pixelinnova.com\\\/es\\\/\"},{\"@type\":\"ListItem\",\"position\":2,\"name\":\"Ser patrocinador\"}]},{\"@type\":\"WebSite\",\"@id\":\"https:\\\/\\\/energyearwordpress.pixelinnova.com\\\/#website\",\"url\":\"https:\\\/\\\/energyearwordpress.pixelinnova.com\\\/\",\"name\":\"Energyear\",\"description\":\"Eventos de Energ\u00edas Renovables y Movilidad\",\"publisher\":{\"@id\":\"https:\\\/\\\/energyearwordpress.pixelinnova.com\\\/#organization\"},\"potentialAction\":[{\"@type\":\"SearchAction\",\"target\":{\"@type\":\"EntryPoint\",\"urlTemplate\":\"https:\\\/\\\/energyearwordpress.pixelinnova.com\\\/?s={search_term_string}\"},\"query-input\":{\"@type\":\"PropertyValueSpecification\",\"valueRequired\":true,\"valueName\":\"search_term_string\"}}],\"inLanguage\":\"pt-PT\"},{\"@type\":\"Organization\",\"@id\":\"https:\\\/\\\/energyearwordpress.pixelinnova.com\\\/#organization\",\"name\":\"Energyear\",\"url\":\"https:\\\/\\\/energyearwordpress.pixelinnova.com\\\/\",\"logo\":{\"@type\":\"ImageObject\",\"inLanguage\":\"pt-PT\",\"@id\":\"https:\\\/\\\/energyearwordpress.pixelinnova.com\\\/#\\\/schema\\\/logo\\\/image\\\/\",\"url\":\"https:\\\/\\\/energyearwordpress.pixelinnova.com\\\/wp-content\\\/uploads\\\/2022\\\/01\\\/logo_energyear_f.svg\",\"contentUrl\":\"https:\\\/\\\/energyearwordpress.pixelinnova.com\\\/wp-content\\\/uploads\\\/2022\\\/01\\\/logo_energyear_f.svg\",\"width\":100,\"height\":100,\"caption\":\"Energyear\"},\"image\":{\"@id\":\"https:\\\/\\\/energyearwordpress.pixelinnova.com\\\/#\\\/schema\\\/logo\\\/image\\\/\"}}]}<\/script>\n<!-- \/ Yoast SEO plugin. -->","yoast_head_json":{"title":"Ser patrocinador - Energyear","robots":{"index":"noindex","follow":"follow","max-snippet":"max-snippet:-1","max-image-preview":"max-image-preview:large","max-video-preview":"max-video-preview:-1"},"og_locale":"pt_PT","og_type":"article","og_title":"Ser patrocinador - Energyear","og_description":"SER PATROCINADOR NETWORKING \u00b7 BUSINESS MATCHING \u00b7 PARTNERSHIP Siendo patrocinador de ENERGYEAR rentabilizar\u00e1 su participaci\u00f3n en el congreso desde el minuto uno. descargar Dossier general La gira de eventos ENERGYEAR comprende una serie de eventos anuales enfocados a las oportunidades del sector renovable en diferentes regiones. El valor diferencial de nuestros congresos radica en la ... Ler mais","og_url":"https:\/\/energyearwordpress.pixelinnova.com\/pt\/ser-patrocinador\/","og_site_name":"Energyear","article_modified_time":"2025-11-27T16:39:27+00:00","twitter_card":"summary_large_image","twitter_misc":{"Tempo estimado de leitura":"1 minuto"},"schema":{"@context":"https:\/\/schema.org","@graph":[{"@type":"WebPage","@id":"https:\/\/energyearwordpress.pixelinnova.com\/es\/ser-patrocinador\/","url":"https:\/\/energyearwordpress.pixelinnova.com\/es\/ser-patrocinador\/","name":"Ser patrocinador - Energyear","isPartOf":{"@id":"https:\/\/energyearwordpress.pixelinnova.com\/#website"},"datePublished":"2021-12-27T13:17:44+00:00","dateModified":"2025-11-27T16:39:27+00:00","breadcrumb":{"@id":"https:\/\/energyearwordpress.pixelinnova.com\/es\/ser-patrocinador\/#breadcrumb"},"inLanguage":"pt-PT","potentialAction":[{"@type":"ReadAction","target":["https:\/\/energyearwordpress.pixelinnova.com\/es\/ser-patrocinador\/"]}]},{"@type":"BreadcrumbList","@id":"https:\/\/energyearwordpress.pixelinnova.com\/es\/ser-patrocinador\/#breadcrumb","itemListElement":[{"@type":"ListItem","position":1,"name":"Portada","item":"https:\/\/energyearwordpress.pixelinnova.com\/es\/"},{"@type":"ListItem","position":2,"name":"Ser patrocinador"}]},{"@type":"WebSite","@id":"https:\/\/energyearwordpress.pixelinnova.com\/#website","url":"https:\/\/energyearwordpress.pixelinnova.com\/","name":"ENERGYEAR","description":"Eventos de Energ\u00edas Renovables y Movilidad","publisher":{"@id":"https:\/\/energyearwordpress.pixelinnova.com\/#organization"},"potentialAction":[{"@type":"SearchAction","target":{"@type":"EntryPoint","urlTemplate":"https:\/\/energyearwordpress.pixelinnova.com\/?s={search_term_string}"},"query-input":{"@type":"PropertyValueSpecification","valueRequired":true,"valueName":"search_term_string"}}],"inLanguage":"pt-PT"},{"@type":"Organization","@id":"https:\/\/energyearwordpress.pixelinnova.com\/#organization","name":"ENERGYEAR","url":"https:\/\/energyearwordpress.pixelinnova.com\/","logo":{"@type":"ImageObject","inLanguage":"pt-PT","@id":"https:\/\/energyearwordpress.pixelinnova.com\/#\/schema\/logo\/image\/","url":"https:\/\/energyearwordpress.pixelinnova.com\/wp-content\/uploads\/2022\/01\/logo_energyear_f.svg","contentUrl":"https:\/\/energyearwordpress.pixelinnova.com\/wp-content\/uploads\/2022\/01\/logo_energyear_f.svg","width":100,"height":100,"caption":"Energyear"},"image":{"@id":"https:\/\/energyearwordpress.pixelinnova.com\/#\/schema\/logo\/image\/"}}]}},"_links":{"self":[{"href":"https:\/\/energyearwordpress.pixelinnova.com\/pt\/wp-json\/wp\/v2\/pages\/1128","targetHints":{"allow":["GET"]}}],"collection":[{"href":"https:\/\/energyearwordpress.pixelinnova.com\/pt\/wp-json\/wp\/v2\/pages"}],"about":[{"href":"https:\/\/energyearwordpress.pixelinnova.com\/pt\/wp-json\/wp\/v2\/types\/page"}],"author":[{"embeddable":true,"href":"https:\/\/energyearwordpress.pixelinnova.com\/pt\/wp-json\/wp\/v2\/users\/2"}],"replies":[{"embeddable":true,"href":"https:\/\/energyearwordpress.pixelinnova.com\/pt\/wp-json\/wp\/v2\/comments?post=1128"}],"version-history":[{"count":0,"href":"https:\/\/energyearwordpress.pixelinnova.com\/pt\/wp-json\/wp\/v2\/pages\/1128\/revisions"}],"wp:attachment":[{"href":"https:\/\/energyearwordpress.pixelinnova.com\/pt\/wp-json\/wp\/v2\/media?parent=1128"}],"wp:term":[{"taxonomy":"folder","embeddable":true,"href":"https:\/\/energyearwordpress.pixelinnova.com\/pt\/wp-json\/wp\/v2\/folder?post=1128"}],"curies":[{"name":"wp","href":"https:\/\/api.w.org\/{rel}","templated":true}]}}